{"id":906,"date":"2024-06-15T00:01:33","date_gmt":"2024-06-14T22:01:33","guid":{"rendered":"http:\/\/blog.bibliothek.kit.edu\/ag_univerlage\/?page_id=906"},"modified":"2025-11-12T16:53:48","modified_gmt":"2025-11-12T14:53:48","slug":"kontakt","status":"publish","type":"page","link":"https:\/\/ag-univerlage.de\/?page_id=906","title":{"rendered":"Kontakt"},"content":{"rendered":"<p><a href=\"https:\/\/ag-univerlage.de\/?page_id=2581\"><img loading=\"lazy\" decoding=\"async\" class=\"alignright wp-image-2609\" style=\"margin-top: -3em;\" title=\"English\" src=\"https:\/\/ag-univerlage.de\/wp-content\/uploads\/2023\/11\/Flag_of_the_United_Kingdom.png\" alt=\"English\" width=\"31\" height=\"19\" \/><\/a>E-Mail: <a href=\"mailto:ag-universitaetsverlage@zbmed.de\">ag-universitaetsverlage@zbmed.de<\/a><\/p>\n<h4><strong>Sounding Board der AG Univerlage<\/strong><\/h4>\n<p><strong>Barbara Ziegler<br \/>\n<\/strong>University of Bamberg Press<br \/>\nOtto-Friedrich-Universit\u00e4t Bamberg<br \/>\nTelefon: +49 (0)951 863-1595<br \/>\nE-Mail: <a href=\"mailto:barbara.ziegler@uni-bamberg.de\">barbara.ziegler@uni-bamberg.de<\/a><\/p>\n<p><strong>Ursula Arning<br \/>\n<\/strong>PUBLISSO Publishing<br \/>\nZB MED &#8211; Informationszentrum Lebenswissenschaften<br \/>\nTelefon: +49 (0)221 478-5603<br \/>\nE-Mail: <a href=\"mailto:arning@zbmed.de\">arning@zbmed.de<\/a><\/p>\n<p><strong>Margo Bargheer<\/strong><br \/>\nGeorg-August-Universit\u00e4t G\u00f6ttingen<br \/>\nNieders\u00e4chsische Staats- und Universit\u00e4tsbibliothek G\u00f6ttingen<br \/>\nTelefon: +49 (0)551 39-91188<br \/>\nE-Mail: <a href=\"mailto:bargheer@sub.uni-goettingen.de\">bargheer@sub.uni-goettingen.de<\/a><\/p>\n<p><strong>Jan Hagedoorn<\/strong><br \/>\nUniversit\u00e4tsverlag Potsdam<br \/>\nUniversit\u00e4t Potsdam<br \/>\nTelefon: +49 (0)331 977-2036<br \/>\nE-Mail: <a href=\"mailto:jhagedoorn@uni-potsdam.de\">jhagedoorn@uni-potsdam.de<\/a><\/p>\n<p><strong>Isabella Meinecke<br \/>\n<\/strong>Hamburg University Press<br \/>\nStaats- und Universit\u00e4tsbibliothek Hamburg<br \/>\nTelefon: +49 (0)40 42838-7146<br \/>\nE-Mail: <a href=\"mailto:isabella.meinecke@sub.uni-hamburg.de\">isabella.meinecke@sub.uni-hamburg.de<\/a><\/p>\n<p><strong>Regine Tobias<br \/>\n<\/strong>T\u00fcbingen University Press<br \/>\nUniversit\u00e4tsbibliothek T\u00fcbingen<br \/>\nTelefon: +49 7071 29-72505<br \/>\nE-Mail: <a href=\"mailto:regine.tobias@uni-tuebingen.de\">regine.tobias@uni-tuebingen.de<\/a><\/p>\n","protected":false},"excerpt":{"rendered":"<p><a href=\"https:\/\/ag-univerlage.de\/?page_id=2581\"><img loading=\"lazy\" decoding=\"async\" class=\"alignright wp-image-2609\" style=\"margin-top: -3em;\" title=\"English\" src=\"https:\/\/ag-univerlage.de\/wp-content\/uploads\/2023\/11\/Flag_of_the_United_Kingdom.png\" alt=\"English\" width=\"31\" height=\"19\" \/><\/a>E-Mail: <a href=\"mailto:ag-universitaetsverlage@zbmed.de\">ag-universitaetsverlage@zbmed.de<\/a><\/p>\n<p><strong>Sounding Board der AG Univerlage<\/strong><\/p>\n<p><strong>Barbara Ziegler<br \/>\n<\/strong>University of Bamberg Press<br \/>\nOtto-Friedrich-Universit\u00e4t Bamberg<br \/>\nTelefon: +49 (0)951 863-1595<br \/>\nE-Mail: <a href=\"mailto:barbara.ziegler@uni-bamberg.de\">barbara.ziegler@uni-bamberg.de<\/a><\/p>\n<p><strong>Ursula Arning<br \/>\n<\/strong>PUBLISSO Publishing<br \/>\nZB MED &#8211;<\/p>\n<p><span class=\"ellipsis\">&hellip;<\/span><\/p>\n<div class=\"read-more\"><a href=\"https:\/\/ag-univerlage.de\/?page_id=906\">Weiterlesen \u203a<\/a><\/div>\n<p><!-- end of .read-more --><\/p>\n","protected":false},"author":64,"featured_media":0,"parent":0,"menu_order":600,"comment_status":"closed","ping_status":"closed","template":"","meta":{"footnotes":""},"class_list":["post-906","page","type-page","status-publish","hentry"],"_links":{"self":[{"href":"https:\/\/ag-univerlage.de\/index.php?rest_route=\/wp\/v2\/pages\/906","targetHints":{"allow":["GET"]}}],"collection":[{"href":"https:\/\/ag-univerlage.de\/index.php?rest_route=\/wp\/v2\/pages"}],"about":[{"href":"https:\/\/ag-univerlage.de\/index.php?rest_route=\/wp\/v2\/types\/page"}],"author":[{"embeddable":true,"href":"https:\/\/ag-univerlage.de\/index.php?rest_route=\/wp\/v2\/users\/64"}],"replies":[{"embeddable":true,"href":"https:\/\/ag-univerlage.de\/index.php?rest_route=%2Fwp%2Fv2%2Fcomments&post=906"}],"version-history":[{"count":33,"href":"https:\/\/ag-univerlage.de\/index.php?rest_route=\/wp\/v2\/pages\/906\/revisions"}],"predecessor-version":[{"id":2817,"href":"https:\/\/ag-univerlage.de\/index.php?rest_route=\/wp\/v2\/pages\/906\/revisions\/2817"}],"wp:attachment":[{"href":"https:\/\/ag-univerlage.de\/index.php?rest_route=%2Fwp%2Fv2%2Fmedia&parent=906"}],"curies":[{"name":"wp","href":"https:\/\/api.w.org\/{rel}","templated":true}]}}