{"id":526,"date":"2010-10-07T10:43:33","date_gmt":"2010-10-07T08:43:33","guid":{"rendered":"http:\/\/blog.bibliothek.kit.edu\/ag_univerlage\/?page_id=526"},"modified":"2024-04-08T10:13:50","modified_gmt":"2024-04-08T08:13:50","slug":"homepage","status":"publish","type":"page","link":"https:\/\/ag-univerlage.de\/","title":{"rendered":"Home"},"content":{"rendered":"<p><strong>Dies ist das gemeinsame Internetportal der Arbeitsgemeinschaft der Universit\u00e4tsverlage.<\/strong><\/p>\n<p><img loading=\"lazy\" decoding=\"async\" class=\"alignleft size-full wp-image-609\" title=\"Impressionen von der Buchmesse 2005 \" src=\"http:\/\/blog.bibliothek.kit.edu\/ag_univerlage\/wp-content\/uploads\/2010\/10\/buchmesse_1.jpg\" alt=\"\" width=\"187\" height=\"140\" \/>Die in der Arbeitsgemeinschaft zusammengeschlossenen Universit\u00e4tsverlage verlegen vorrangig wissenschaftliche Publikationen der eigenen Einrichtungen.<br \/>\nBeim Vertrieb von traditionellen B\u00fcchern ist unser Ziel, hohe Qualit\u00e4t zu fairen Preisen anzubieten.<\/p>\n<p>Neben Printprodukten publizieren Universit\u00e4tsverlage auch Online-Ausgaben ihrer Ver\u00f6ffentlichungen und unterst\u00fctzen so das Prinzip des &#8222;Open Access&#8220;. Das elektronische Publizieren und der Online-Zugriff auf wissenschaftliche Information tr\u00e4gt wesentlich zu h\u00f6herer Effizienz der wissenschaftlichen Arbeit in Forschung, Lehre und Studium bei und stellt eine wichtige Infrastrukturma\u00dfnahme f\u00fcr die wissenschaftliche Entwicklung dar.<\/p>\n<p><img loading=\"lazy\" decoding=\"async\" class=\"alignright size-full wp-image-610\" title=\"Impressionen von der Buchmesse 2005 \" src=\"http:\/\/blog.bibliothek.kit.edu\/ag_univerlage\/wp-content\/uploads\/2010\/10\/buchmesse_2.jpg\" alt=\"\" width=\"123\" height=\"140\" \/> Die Hochschulrektorenkonferenz empfiehlt, das wissenschaftliche Informations- und Publikationswesen in den n\u00e4chsten Jahren konsequent auf elektronische Kommunikations- und Informationsm\u00f6glichkeiten auszurichten.<\/p>\n<p>Die Arbeitsgemeinschaft f\u00f6rdert die Zusammenarbeit der Universit\u00e4tsverlage. Dazu z\u00e4hlen die Organisation von Arbeitstreffen und die Pr\u00e4sentation unserer Dienstleistungen auf einem gemeinsamen Stand w\u00e4hrend der Frankfurter Buchmesse, dem Deutschen Bibliothekartag und bei anderen Veranstaltungen.<\/p>\n","protected":false},"excerpt":{"rendered":"<p><strong>Dies ist das gemeinsame Internetportal der Arbeitsgemeinschaft der Universit\u00e4tsverlage.<\/strong><\/p>\n<p><img loading=\"lazy\" decoding=\"async\" class=\"alignleft size-full wp-image-609\" title=\"Impressionen von der Buchmesse 2005 \" src=\"http:\/\/blog.bibliothek.kit.edu\/ag_univerlage\/wp-content\/uploads\/2010\/10\/buchmesse_1.jpg\" alt=\"\" width=\"187\" height=\"140\" \/>Die in der Arbeitsgemeinschaft zusammengeschlossenen Universit\u00e4tsverlage verlegen vorrangig wissenschaftliche Publikationen der eigenen Einrichtungen.<br \/>\nBeim Vertrieb von traditionellen B\u00fcchern ist unser Ziel, hohe Qualit\u00e4t zu fairen Preisen anzubieten.<\/p>\n<p><span class=\"ellipsis\">&hellip;<\/span><\/p>\n<div class=\"read-more\"><a href=\"https:\/\/ag-univerlage.de\/\">Weiterlesen \u203a<\/a><\/div>\n<p><!-- end of .read-more --><\/p>\n","protected":false},"author":64,"featured_media":0,"parent":0,"menu_order":0,"comment_status":"closed","ping_status":"closed","template":"","meta":{"footnotes":""},"class_list":["post-526","page","type-page","status-publish","hentry"],"_links":{"self":[{"href":"https:\/\/ag-univerlage.de\/index.php?rest_route=\/wp\/v2\/pages\/526","targetHints":{"allow":["GET"]}}],"collection":[{"href":"https:\/\/ag-univerlage.de\/index.php?rest_route=\/wp\/v2\/pages"}],"about":[{"href":"https:\/\/ag-univerlage.de\/index.php?rest_route=\/wp\/v2\/types\/page"}],"author":[{"embeddable":true,"href":"https:\/\/ag-univerlage.de\/index.php?rest_route=\/wp\/v2\/users\/64"}],"replies":[{"embeddable":true,"href":"https:\/\/ag-univerlage.de\/index.php?rest_route=%2Fwp%2Fv2%2Fcomments&post=526"}],"version-history":[{"count":22,"href":"https:\/\/ag-univerlage.de\/index.php?rest_route=\/wp\/v2\/pages\/526\/revisions"}],"predecessor-version":[{"id":2658,"href":"https:\/\/ag-univerlage.de\/index.php?rest_route=\/wp\/v2\/pages\/526\/revisions\/2658"}],"wp:attachment":[{"href":"https:\/\/ag-univerlage.de\/index.php?rest_route=%2Fwp%2Fv2%2Fmedia&parent=526"}],"curies":[{"name":"wp","href":"https:\/\/api.w.org\/{rel}","templated":true}]}}