{"id":2699,"date":"2024-08-07T09:51:51","date_gmt":"2024-08-07T07:51:51","guid":{"rendered":"https:\/\/ag-univerlage.de\/?page_id=2699"},"modified":"2024-08-07T10:46:08","modified_gmt":"2024-08-07T08:46:08","slug":"themengruppen","status":"publish","type":"page","link":"https:\/\/ag-univerlage.de\/?page_id=2699","title":{"rendered":"Themengruppen"},"content":{"rendered":"<h4>Fortbildungen<\/h4>\n<p>Die <strong>Themengruppe Fortbildungen<\/strong> koordiniert die Informations- und Fortbildungsveranstaltungen, die sich weitgehend aus der Arbeit der Themengruppen ergeben, greift Veranstaltungsvorschl\u00e4ge aller Mitglieder auf, stellt Kontakte zu externen Expert:innen her und regt den themenspezifischen Austausch von Erfahrungen und Best Practices an. Die virtuellen Fortbildungen zielen auf die Innovationsf\u00f6rderung oder die praxisnahe Begleitung institutioneller Publikationsdienste.<\/p>\n<h4>Bildrechte, Urheberrecht &amp; CC-Lizenzen<\/h4>\n<p>Die <strong>Themengruppe Bildrechte, Urheberrecht &amp; CC-Lizenzen<\/strong> befasst sich mit Fragen aus den Bereichen Urheberrecht, Bildrechte und Creative-Commons-Lizenzen, insbesondere wenn diese einen spezifischen Bezug zur Arbeit von Hochschulverlagen haben. Die Themengruppe sichtet relevante Informationsquellen zu den genannten Themenbereichen und bereitet diese strukturiert auf.<\/p>\n<h4>Qualit\u00e4tsstandards &amp; Begutachtung<\/h4>\n<p>Die <strong>Themengruppe Qualit\u00e4tsstandards &amp; Begutachtung<\/strong> hat das Ziel, allen Mitgliedern der AG Wissen und Ressourcen zum Thema zur Verf\u00fcgung zu stellen. Dabei geht es sowohl um die Zusammenf\u00fchrung des in der AG vorhandenen Know-hows und die Weiterentwicklung bestehender Standards und Tools als auch um die Entwicklung neuer Standards und Ressourcen. Dazu sollen AG-weite Definitionen und Wissensbasen, Werkzeuge und Expertenpools erarbeitet werden. Die Arbeitsergebnisse der AG werden im Rahmen von AG-Weiterbildungsveranstaltungen kommuniziert. Aktuelle Arbeitsschwerpunkte sind:<\/p>\n<ul>\n<li>Weiterentwicklung der Qualit\u00e4tsstandards der AG Universit\u00e4tsverlage f\u00fcr OA-B\u00fccher,<\/li>\n<li>Analyse und Weiterentwicklung von Qualit\u00e4tssicherungs- und Begutachtungsverfahren speziell f\u00fcr OA-B\u00fccher.<\/li>\n<\/ul>\n<h4>Barrierefreiheit<\/h4>\n<p>Die <strong>Themengruppe Barrierefreiheit<\/strong> befasst sich mit der Frage, welche Anforderungen sich aus der Richtlinie (EU) 2016\/2102 f\u00fcr die Hochschulverlage ergeben und wie diese umgesetzt werden k\u00f6nnen. Au\u00dferdem sollen Tools und ein Leitfaden zur Pr\u00fcfung und Erstellung von barrierefreien bzw. barrierearmen Dokumenten zur Verf\u00fcgung gestellt werden.<\/p>\n<h4>Sustainable Development Goals\/Nachhaltigkeit<\/h4>\n<p>In vielen Hochschulverlagen ist Nachhaltigkeit bereits ein wichtiger Aspekt. Motiviert durch die Nachhaltigkeitsdiskurse in der IFLA sowie im <a href=\"https:\/\/www.un.org\/sustainabledevelopment\/sdg-publishers-compact\/\">SDG Publishers Compact<\/a> der Vereinten Nationen besch\u00e4ftigt sich die Themengruppe insbesondere mit Fragen, die sich aus den <a href=\"https:\/\/unric.org\/de\/17ziele\/\">Sustainable Development Goals (SDGs)<\/a> der Vereinten Nationen ergeben: Was bedeuten sie f\u00fcr Hochschulverlage? Wie kann institutionelles Publizieren nachhaltiger gestaltet werden?<\/p>\n<h4>Indexierung (OAPEN\/DOAB)<\/h4>\n<p>Die <strong>Themengruppe Indexierung<\/strong> hat sich zum Ziel gesetzt, die Sichtbarkeit und Verbreitung des Outputs, insbesondere der Open-Access-B\u00fccher, der einzelnen AG-Mitglieder und der Arbeitsgruppe als Ganzes zu unterst\u00fctzen. Sie identifiziert wichtige Plattformen, tauscht sich \u00fcber Datenlieferung bzw. Harvesting aus und diskutiert M\u00f6glichkeiten der Skalierbarkeit f\u00fcr andere Mitglieder. Derzeit liegt der Fokus auf oapen\/DOAB (Zusammenf\u00fchrung der Best\u00e4nde der AG-Mitglieder zu einer Collection) sowie auf Thoth.<\/p>\n<h4>OJS-Zeitschriften<\/h4>\n<p>Die <strong>Themengruppe OJS-Zeitschriften<\/strong> bietet Raum f\u00fcr Austausch und Kooperation im Hinblick auf Zeitschriften-Services mit Open Journal Systems (OJS). Dabei besch\u00e4ftigen sich die Mitglieder mit Fragen der Qualit\u00e4tssicherung, den technischen Anforderungen sowie den Rahmenbedingungen solcher Services als Verlagsdienstleistung. Langfristig wollen wir von den Erfahrungen der Teilnehmer:innen lernen und die Synergieeffekte geb\u00fcndelter Kompetenzen nutzen.<\/p>\n<h4>Workflow-Management<\/h4>\n<p>Die <strong>Themengruppe Workflow-Management<\/strong> dient in erster Linie dem Austausch \u00fcber die Herausforderungen des Workflow-Managements der Mitgliedsverlage, sammelt Bedarfe und Good Practices und dokumentiert die Ergebnisse in geeigneter Form. Die Herstellung einer Open-Access-Publikation ist ein komplexer Prozess, bei dem Aspekte des Projekt-, Gesch\u00e4ftsprozess- und Workflow-Managements zu ber\u00fccksichtigen sind. Die Planung, Verwaltung, Durchf\u00fchrung und Organisation von Publikationsprojekten bedarf der Unterst\u00fctzung durch technische Systeme, die Projektst\u00e4nde dokumentieren und Aufgaben planbar machen. Von Interesse sind zudem Schnittstellen zu Publikations-, Produktions-, Verlags- und Vertriebssystemen sowie die Kommunikation mit internen und externen Akteur:innen und Dienstleistenden.<br \/>\nDie Themengruppe unterst\u00fctzt das Verbundprojekt \u201eWorkflow-Management-Systeme f\u00fcr Open-Access-Hochschulverlage (OA-WFMS)\u201c bei der Analyse der Anforderungen an ein generisches Workflow-Management-Tool.<\/p>\n<h4>Single Source Publishing (XML\/SSP)<\/h4>\n<p>Die <strong>Themengruppe Single Source Publishing<\/strong> dient dem Austausch \u00fcber Methoden und Techniken zur effizienten Erstellung und Verwaltung von Inhalten und deren anschlie\u00dfender Ver\u00f6ffentlichung in mehreren Dateiformaten, die im Wesentlichen aus einer Quelle (\u201esingle source\u201c) generiert wurden. Langfristiges Ziel der Themengruppe ist es, durch die Zusammenarbeit sogenannte Best Practices im Single Source Publishing in Form eines Leitfadens zu identifizieren und sich mit der breiteren Community zu vernetzen.<\/p>\n<h4>(Druck)Dienstleister<\/h4>\n<p>Die <strong>Themengruppe (Druck)Dienstleister<\/strong> tr\u00e4gt im Wiki der AG die Erfahrungen der Verlage mit Dienstleistern zusammen und erleichtert so die Suche nach Information \u00fcber neue Kooperationsm\u00f6glichkeiten.<\/p>\n<h4>Drittmittelantr\u00e4ge<\/h4>\n<p>Die Themengruppe initiiert <strong>Drittmittelantr\u00e4ge<\/strong> zu aktuellen Bedarfen der anderen aktiven Themengruppen. Mit den eingeworbenen Mitteln sollen weitere Infrastrukturen aufgebaut oder neue Tools entwickelt werden, um die Arbeit der AG bestm\u00f6glich zu unterst\u00fctzen und weiter zu f\u00f6rdern.<\/p>\n","protected":false},"excerpt":{"rendered":"<p>Fortbildungen<\/p>\n<p>Die <strong>Themengruppe Fortbildungen<\/strong> koordiniert die Informations- und Fortbildungsveranstaltungen, die sich weitgehend aus der Arbeit der Themengruppen ergeben, greift Veranstaltungsvorschl\u00e4ge aller Mitglieder auf, stellt Kontakte zu externen Expert:innen her und regt den themenspezifischen Austausch von Erfahrungen und Best Practices an.<\/p>\n<p><span class=\"ellipsis\">&hellip;<\/span><\/p>\n<div class=\"read-more\"><a href=\"https:\/\/ag-univerlage.de\/?page_id=2699\">Weiterlesen \u203a<\/a><\/div>\n<p><!-- end of .read-more --><\/p>\n","protected":false},"author":64,"featured_media":0,"parent":0,"menu_order":0,"comment_status":"closed","ping_status":"closed","template":"","meta":{"footnotes":""},"class_list":["post-2699","page","type-page","status-publish","hentry"],"_links":{"self":[{"href":"https:\/\/ag-univerlage.de\/index.php?rest_route=\/wp\/v2\/pages\/2699","targetHints":{"allow":["GET"]}}],"collection":[{"href":"https:\/\/ag-univerlage.de\/index.php?rest_route=\/wp\/v2\/pages"}],"about":[{"href":"https:\/\/ag-univerlage.de\/index.php?rest_route=\/wp\/v2\/types\/page"}],"author":[{"embeddable":true,"href":"https:\/\/ag-univerlage.de\/index.php?rest_route=\/wp\/v2\/users\/64"}],"replies":[{"embeddable":true,"href":"https:\/\/ag-univerlage.de\/index.php?rest_route=%2Fwp%2Fv2%2Fcomments&post=2699"}],"version-history":[{"count":7,"href":"https:\/\/ag-univerlage.de\/index.php?rest_route=\/wp\/v2\/pages\/2699\/revisions"}],"predecessor-version":[{"id":2714,"href":"https:\/\/ag-univerlage.de\/index.php?rest_route=\/wp\/v2\/pages\/2699\/revisions\/2714"}],"wp:attachment":[{"href":"https:\/\/ag-univerlage.de\/index.php?rest_route=%2Fwp%2Fv2%2Fmedia&parent=2699"}],"curies":[{"name":"wp","href":"https:\/\/api.w.org\/{rel}","templated":true}]}}