{"id":2698,"date":"2024-08-07T09:52:09","date_gmt":"2024-08-07T07:52:09","guid":{"rendered":"https:\/\/ag-univerlage.de\/?page_id=2698"},"modified":"2024-08-07T09:55:47","modified_gmt":"2024-08-07T07:55:47","slug":"executive-board","status":"publish","type":"page","link":"https:\/\/ag-univerlage.de\/?page_id=2698","title":{"rendered":"Executive Board"},"content":{"rendered":"<p>Das <strong>Executive Board<\/strong> ist das Gremium f\u00fcr organisatorische Aufgaben innerhalb der AG. Zwei Verlage entsenden j\u00e4hrlich \u00fcberlappend je eine Person f\u00fcr zwei Jahre in das Executive Board. Zu den Aufgaben des Executive Board geh\u00f6ren die interne Kommunikation der AG (Wiki, Mailingliste), die Redaktion von Website, Flyer, Factsheets und von Social Media in Zusammenarbeit mit weiteren zust\u00e4ndigen Mitgliedern. Es \u00fcbernimmt die Mitgliederverwaltung und die organisatorische Unterst\u00fctzung der Themengruppen. Gemeinsam mit dem <a href=\"https:\/\/ag-univerlage.de\/?page_id=2697\">Sounding Board<\/a> und dem Ortskomitee organisiert es das Jahrestreffen.<\/p>\n","protected":false},"excerpt":{"rendered":"<p>Das <strong>Executive Board<\/strong> ist das Gremium f\u00fcr organisatorische Aufgaben innerhalb der AG. Zwei Verlage entsenden j\u00e4hrlich \u00fcberlappend je eine Person f\u00fcr zwei Jahre in das Executive Board. Zu den Aufgaben des Executive Board geh\u00f6ren die interne Kommunikation der AG (Wiki,<\/p>\n<p><span class=\"ellipsis\">&hellip;<\/span><\/p>\n<div class=\"read-more\"><a href=\"https:\/\/ag-univerlage.de\/?page_id=2698\">Weiterlesen \u203a<\/a><\/div>\n<p><!-- end of .read-more --><\/p>\n","protected":false},"author":64,"featured_media":0,"parent":0,"menu_order":0,"comment_status":"closed","ping_status":"closed","template":"","meta":{"footnotes":""},"class_list":["post-2698","page","type-page","status-publish","hentry"],"_links":{"self":[{"href":"https:\/\/ag-univerlage.de\/index.php?rest_route=\/wp\/v2\/pages\/2698","targetHints":{"allow":["GET"]}}],"collection":[{"href":"https:\/\/ag-univerlage.de\/index.php?rest_route=\/wp\/v2\/pages"}],"about":[{"href":"https:\/\/ag-univerlage.de\/index.php?rest_route=\/wp\/v2\/types\/page"}],"author":[{"embeddable":true,"href":"https:\/\/ag-univerlage.de\/index.php?rest_route=\/wp\/v2\/users\/64"}],"replies":[{"embeddable":true,"href":"https:\/\/ag-univerlage.de\/index.php?rest_route=%2Fwp%2Fv2%2Fcomments&post=2698"}],"version-history":[{"count":2,"href":"https:\/\/ag-univerlage.de\/index.php?rest_route=\/wp\/v2\/pages\/2698\/revisions"}],"predecessor-version":[{"id":2712,"href":"https:\/\/ag-univerlage.de\/index.php?rest_route=\/wp\/v2\/pages\/2698\/revisions\/2712"}],"wp:attachment":[{"href":"https:\/\/ag-univerlage.de\/index.php?rest_route=%2Fwp%2Fv2%2Fmedia&parent=2698"}],"curies":[{"name":"wp","href":"https:\/\/api.w.org\/{rel}","templated":true}]}}