{"id":2469,"date":"2023-08-30T15:53:24","date_gmt":"2023-08-30T13:53:24","guid":{"rendered":"https:\/\/ag-univerlage.de\/?page_id=2469"},"modified":"2023-11-02T12:50:45","modified_gmt":"2023-11-02T10:50:45","slug":"oa-transformation","status":"publish","type":"page","link":"https:\/\/ag-univerlage.de\/?page_id=2469","title":{"rendered":"OA-Transformation"},"content":{"rendered":"<p><a href=\"https:\/\/ag-univerlage.de\/?page_id=2575\"><img loading=\"lazy\" decoding=\"async\" class=\"alignright wp-image-2609\" style=\"margin-top: -3em;\" src=\"https:\/\/ag-univerlage.de\/wp-content\/uploads\/2023\/11\/Flag_of_the_United_Kingdom.png\" alt=\"English\" title=\"English\" width=\"31\" height=\"19\" \/><\/a><strong>Positionspapier zur Open-Access-Transformation f\u00fcr B\u00fccher ver\u00f6ffentlicht<\/strong><\/p>\n<p>Aktuell werden wissenschaftsgeleitete Open-Access-Publikationsinfrastrukturen stark diskutiert. Nach der bereits seit Jahren laufenden OA-Transformation von Zeitschriften ist nun die OA-Transformation von B\u00fcchern im Fokus. F\u00fcnf Expertinnen auf dem Gebiet institutioneller Publikationsinfrastrukturen haben aus diesem Anlass ein Positionspapier zur Open-Access-Transformation von B\u00fcchern vorgelegt. Die Autorinnen sind aktive Mitglieder der AG Universit\u00e4tsverlage.<\/p>\n<p>Ausgehend von einer Bestandsaufnahme institutioneller Publikationsdienste zeigt das Papier aktuelle Handlungsfelder und Gestaltungsspielr\u00e4ume f\u00fcr Forschungseinrichtungen auf dem Feld nicht-kommerzieller Infrastrukturen f\u00fcr Open-Access-B\u00fccher auf:<\/p>\n<p><em>Arning, Ursula, Bargheer, Margo, Meinecke, Isabella, Schobert, Dagmar, &amp; Tobias, Regine. (2022).Open-Access-Transformation f\u00fcr B\u00fccher: Die Rolle von institutionellen Verlagen und Publikationsdiensten<\/em><\/p>\n<ul>\n<li><em>Deutsch: <a href=\"https:\/\/doi.org\/10.5281\/zenodo.6346234\" target=\"_blank\" rel=\"noopener\">https:\/\/doi.org\/10.5281\/zenodo.6346234<\/a><\/em><\/li>\n<li><em>Englisch: <\/em><a href=\"https:\/\/doi.org\/10.5281\/zenodo.6346271\" target=\"_blank\" rel=\"noopener\"><em>https:\/\/doi.org\/10.5281\/zenodo.6346271<\/em><\/a><\/li>\n<\/ul>\n","protected":false},"excerpt":{"rendered":"<p><a href=\"https:\/\/ag-univerlage.de\/?page_id=2575\"><img loading=\"lazy\" decoding=\"async\" class=\"alignright wp-image-2609\" style=\"margin-top: -3em;\" src=\"https:\/\/ag-univerlage.de\/wp-content\/uploads\/2023\/11\/Flag_of_the_United_Kingdom.png\" alt=\"English\" title=\"English\" width=\"31\" height=\"19\" \/><\/a><strong>Positionspapier zur Open-Access-Transformation f\u00fcr B\u00fccher ver\u00f6ffentlicht<\/strong><\/p>\n<p>Aktuell werden wissenschaftsgeleitete Open-Access-Publikationsinfrastrukturen stark diskutiert. Nach der bereits seit Jahren laufenden OA-Transformation von Zeitschriften ist nun die OA-Transformation von B\u00fcchern im Fokus. F\u00fcnf Expertinnen auf dem Gebiet institutioneller Publikationsinfrastrukturen haben aus diesem Anlass ein Positionspapier zur Open-Access-Transformation von B\u00fcchern vorgelegt.<\/p>\n<p><span class=\"ellipsis\">&hellip;<\/span><\/p>\n<div class=\"read-more\"><a href=\"https:\/\/ag-univerlage.de\/?page_id=2469\">Weiterlesen \u203a<\/a><\/div>\n<p><!-- end of .read-more --><\/p>\n","protected":false},"author":64,"featured_media":0,"parent":0,"menu_order":0,"comment_status":"closed","ping_status":"closed","template":"","meta":{"footnotes":""},"class_list":["post-2469","page","type-page","status-publish","hentry"],"_links":{"self":[{"href":"https:\/\/ag-univerlage.de\/index.php?rest_route=\/wp\/v2\/pages\/2469","targetHints":{"allow":["GET"]}}],"collection":[{"href":"https:\/\/ag-univerlage.de\/index.php?rest_route=\/wp\/v2\/pages"}],"about":[{"href":"https:\/\/ag-univerlage.de\/index.php?rest_route=\/wp\/v2\/types\/page"}],"author":[{"embeddable":true,"href":"https:\/\/ag-univerlage.de\/index.php?rest_route=\/wp\/v2\/users\/64"}],"replies":[{"embeddable":true,"href":"https:\/\/ag-univerlage.de\/index.php?rest_route=%2Fwp%2Fv2%2Fcomments&post=2469"}],"version-history":[{"count":2,"href":"https:\/\/ag-univerlage.de\/index.php?rest_route=\/wp\/v2\/pages\/2469\/revisions"}],"predecessor-version":[{"id":2638,"href":"https:\/\/ag-univerlage.de\/index.php?rest_route=\/wp\/v2\/pages\/2469\/revisions\/2638"}],"wp:attachment":[{"href":"https:\/\/ag-univerlage.de\/index.php?rest_route=%2Fwp%2Fv2%2Fmedia&parent=2469"}],"curies":[{"name":"wp","href":"https:\/\/api.w.org\/{rel}","templated":true}]}}