{"id":1062,"date":"2014-08-07T14:13:35","date_gmt":"2014-08-07T12:13:35","guid":{"rendered":"http:\/\/blog.bibliothek.kit.edu\/ag_univerlage\/?page_id=1062"},"modified":"2025-07-25T15:46:59","modified_gmt":"2025-07-25T13:46:59","slug":"ueber-die-ag","status":"publish","type":"page","link":"https:\/\/ag-univerlage.de\/?page_id=1062","title":{"rendered":"\u00dcber uns"},"content":{"rendered":"<p><a href=\"https:\/\/ag-univerlage.de\/?page_id=2559\"><img loading=\"lazy\" decoding=\"async\" class=\"alignright wp-image-2609\" style=\"margin-top: -3em;\" title=\"English\" src=\"https:\/\/ag-univerlage.de\/wp-content\/uploads\/2023\/11\/Flag_of_the_United_Kingdom.png\" alt=\"English\" width=\"31\" height=\"19\" \/><\/a>Die AG Universit\u00e4tsverlage verbindet seit 2004 zahlreiche Verlage aus Deutschland, \u00d6sterreich, der Schweiz und S\u00fcdtirol. Ziel der AG Universit\u00e4tsverlage ist es, die Verlage bei der Vertretung ihrer Interessen nach au\u00dfen zu unterst\u00fctzen und den Erfahrungsaustausch zu f\u00f6rdern. Die in der AG zusammengeschlossenen Verlage ver\u00f6ffentlichen vorrangig wissenschaftliche Publikationen der eigenen Einrichtungen.<\/p>\n<p>Beim Vertrieb von traditionellen B\u00fcchern ist unser Ziel, hohe Qualit\u00e4t zu fairen Preisen anzubieten. Neben Printprodukten publizieren Universit\u00e4tsverlage auch Online-Ausgaben ihrer Ver\u00f6ffentlichungen und unterst\u00fctzen so das Prinzip des \u201cOpen Access\u201d.<\/p>\n<p>&nbsp;<\/p>\n<table style=\"border-collapse: collapse; width: 100%;\">\n<tbody>\n<tr>\n<td style=\"width: 50%;\">\n<p><div id=\"attachment_2807\" style=\"width: 270px\" class=\"wp-caption alignleft\"><img loading=\"lazy\" decoding=\"async\" aria-describedby=\"caption-attachment-2807\" class=\"wp-image-2796\" src=\"https:\/\/ag-univerlage.de\/wp-content\/uploads\/2025\/07\/202507_VOEAW_AGUniVerlage_FactSheet-scaled.jpg\" alt=\"\" width=\"260\" height=\"368\" \/><p id=\"caption-attachment-2807\" class=\"wp-caption-text\"><a href=\"https:\/\/ag-univerlage.de\/wp-content\/uploads\/2025\/07\/202507_VOEAW_AGUniVerlage_FactSheet.pdf\">Fact Sheet 2024<\/a><\/p><\/div><\/td>\n<td style=\"width: 50%;\">\n<p><div id=\"attachment_2506\" style=\"width: 201px\" class=\"wp-caption alignleft\"><a href=\"https:\/\/ag-univerlage.de\/wp-content\/uploads\/2025\/03\/AG_Univerlage_Flyer_2025-03.pdf\"><img loading=\"lazy\" decoding=\"async\" aria-describedby=\"caption-attachment-2506\" class=\" wp-image-2506\" src=\"https:\/\/ag-univerlage.de\/wp-content\/uploads\/2023\/09\/Flyer_AG_Univerlage_2023_08_01_Cover.jpg\" alt=\"Flyer der AG Univerlage\" width=\"191\" height=\"368\" \/><\/a><p id=\"caption-attachment-2506\" class=\"wp-caption-text\"><a href=\"https:\/\/ag-univerlage.de\/wp-content\/uploads\/2025\/03\/AG_Univerlage_Flyer_2025-03.pdf\">Flyer der AG (PDF)<\/a><\/p><\/div><\/td>\n<\/tr>\n<\/tbody>\n<\/table>\n<p>&nbsp;<\/p>\n","protected":false},"excerpt":{"rendered":"<p><a href=\"https:\/\/ag-univerlage.de\/?page_id=2559\"><img loading=\"lazy\" decoding=\"async\" class=\"alignright wp-image-2609\" style=\"margin-top: -3em;\" title=\"English\" src=\"https:\/\/ag-univerlage.de\/wp-content\/uploads\/2023\/11\/Flag_of_the_United_Kingdom.png\" alt=\"English\" width=\"31\" height=\"19\" \/><\/a>Die AG Universit\u00e4tsverlage verbindet seit 2004 zahlreiche Verlage aus Deutschland, \u00d6sterreich, der Schweiz und S\u00fcdtirol. Ziel der AG Universit\u00e4tsverlage ist es, die Verlage bei der Vertretung ihrer Interessen nach au\u00dfen zu unterst\u00fctzen und den Erfahrungsaustausch zu f\u00f6rdern.<\/p>\n<p><span class=\"ellipsis\">&hellip;<\/span><\/p>\n<div class=\"read-more\"><a href=\"https:\/\/ag-univerlage.de\/?page_id=1062\">Weiterlesen \u203a<\/a><\/div>\n<p><!-- end of .read-more --><\/p>\n","protected":false},"author":64,"featured_media":0,"parent":0,"menu_order":0,"comment_status":"closed","ping_status":"closed","template":"","meta":{"footnotes":""},"class_list":["post-1062","page","type-page","status-publish","hentry"],"_links":{"self":[{"href":"https:\/\/ag-univerlage.de\/index.php?rest_route=\/wp\/v2\/pages\/1062","targetHints":{"allow":["GET"]}}],"collection":[{"href":"https:\/\/ag-univerlage.de\/index.php?rest_route=\/wp\/v2\/pages"}],"about":[{"href":"https:\/\/ag-univerlage.de\/index.php?rest_route=\/wp\/v2\/types\/page"}],"author":[{"embeddable":true,"href":"https:\/\/ag-univerlage.de\/index.php?rest_route=\/wp\/v2\/users\/64"}],"replies":[{"embeddable":true,"href":"https:\/\/ag-univerlage.de\/index.php?rest_route=%2Fwp%2Fv2%2Fcomments&post=1062"}],"version-history":[{"count":58,"href":"https:\/\/ag-univerlage.de\/index.php?rest_route=\/wp\/v2\/pages\/1062\/revisions"}],"predecessor-version":[{"id":2810,"href":"https:\/\/ag-univerlage.de\/index.php?rest_route=\/wp\/v2\/pages\/1062\/revisions\/2810"}],"wp:attachment":[{"href":"https:\/\/ag-univerlage.de\/index.php?rest_route=%2Fwp%2Fv2%2Fmedia&parent=1062"}],"curies":[{"name":"wp","href":"https:\/\/api.w.org\/{rel}","templated":true}]}}